{"id":935,"date":"2025-02-04T15:51:49","date_gmt":"2025-02-04T14:51:49","guid":{"rendered":"http:\/\/jukitreff.bplaced.net\/?page_id=935"},"modified":"2025-02-04T17:45:45","modified_gmt":"2025-02-04T16:45:45","slug":"aktivitaeten","status":"publish","type":"page","link":"https:\/\/jukitreff-schleswig.de\/?page_id=935","title":{"rendered":"Aktivit\u00e4ten"},"content":{"rendered":"\n<p class=\" has-text-align-center eplus-wrapper\"><strong>Im JuKiTreff gibt es folgende regelm\u00e4\u00dfige Aktivit\u00e4ten (ohne Anmeldung m\u00f6glich):<\/strong><\/p>\n\n\n\n<p class=\" has-text-align-center eplus-wrapper\">Bauen, Basteln und Malen<\/p>\n\n\n\n<p class=\" has-text-align-center eplus-wrapper\">Brett- und Gemeinschaftsspiele<\/p>\n\n\n\n<p class=\" has-text-align-center eplus-wrapper\">Einzel- und Gruppengespr\u00e4che<\/p>\n\n\n\n<p class=\" has-text-align-center eplus-wrapper\">Snacks und gesunde Ern\u00e4hrungsportliche Aktivit\u00e4ten (drinnen und drau\u00dfen)<\/p>\n\n\n\n<div class=\"wp-block-stackable-divider stk-block-divider stk-block stk-9b48547\" data-block-id=\"9b48547\"><style>.stk-9b48547 hr.stk-block-divider__hr{background:#0592c8 !important;height:2px !important;}.stk-9b48547 {margin-bottom:30px !important;}<\/style><hr class=\"stk-block-divider__hr\"\/><\/div>\n\n\n\n<p class=\" has-text-align-center eplus-wrapper\"><strong>Besondere Projekte im Jahr 2025<\/strong> <strong>(mit Anmeldung)<\/strong>:<\/p>\n\n\n<p class=\" eplus-wrapper eplus-styles-uid-794c04\">Ausflug nach Haithabu<\/p>\n\n<p class=\" eplus-wrapper eplus-styles-uid-794c04\">Ausflug Barfu\u00dfpark<\/p>\n\n<p class=\" eplus-wrapper eplus-styles-uid-794c04\">Ausflug Funcenter Husum<\/p>\n\n<p class=\" eplus-wrapper eplus-styles-uid-794c04\">Malaktion im JuKiTreff<\/p>\n\n<p class=\" eplus-wrapper eplus-styles-uid-794c04\">Renovierung des Bauwagens<\/p>","protected":false},"excerpt":{"rendered":"<p>Im JuKiTreff gibt es folgende regelm\u00e4\u00dfige Aktivit\u00e4ten (ohne Anmeldung m\u00f6glich): Bauen, Basteln und Malen Brett- und Gemeinschaftsspiele Einzel- und Gruppengespr\u00e4che Snacks und gesunde Ern\u00e4hrungsportliche Aktivit\u00e4ten (drinnen und drau\u00dfen) Besondere Projekte im Jahr 2025 (mit Anmeldung): Ausflug nach Haithabu Ausflug Barfu\u00dfpark Ausflug Funcenter Husum Malaktion im JuKiTreff Renovierung des Bauwagens<\/p>\n","protected":false},"author":1,"featured_media":0,"parent":0,"menu_order":0,"comment_status":"closed","ping_status":"closed","template":"","meta":{"editor_plus_copied_stylings":"{}","ocean_post_layout":"full-width","ocean_both_sidebars_style":"","ocean_both_sidebars_content_width":0,"ocean_both_sidebars_sidebars_width":0,"ocean_sidebar":"","ocean_second_sidebar":"","ocean_disable_margins":"enable","ocean_add_body_class":"","ocean_shortcode_before_top_bar":"","ocean_shortcode_after_top_bar":"","ocean_shortcode_before_header":"","ocean_shortcode_after_header":"","ocean_has_shortcode":"","ocean_shortcode_after_title":"","ocean_shortcode_before_footer_widgets":"","ocean_shortcode_after_footer_widgets":"","ocean_shortcode_before_footer_bottom":"","ocean_shortcode_after_footer_bottom":"","ocean_display_top_bar":"default","ocean_display_header":"default","ocean_header_style":"","ocean_center_header_left_menu":"","ocean_custom_header_template":"","ocean_custom_logo":0,"ocean_custom_retina_logo":0,"ocean_custom_logo_max_width":0,"ocean_custom_logo_tablet_max_width":0,"ocean_custom_logo_mobile_max_width":0,"ocean_custom_logo_max_height":0,"ocean_custom_logo_tablet_max_height":0,"ocean_custom_logo_mobile_max_height":0,"ocean_header_custom_menu":"","ocean_menu_typo_font_family":"","ocean_menu_typo_font_subset":"","ocean_menu_typo_font_size":0,"ocean_menu_typo_font_size_tablet":0,"ocean_menu_typo_font_size_mobile":0,"ocean_menu_typo_font_size_unit":"px","ocean_menu_typo_font_weight":"","ocean_menu_typo_font_weight_tablet":"","ocean_menu_typo_font_weight_mobile":"","ocean_menu_typo_transform":"","ocean_menu_typo_transform_tablet":"","ocean_menu_typo_transform_mobile":"","ocean_menu_typo_line_height":0,"ocean_menu_typo_line_height_tablet":0,"ocean_menu_typo_line_height_mobile":0,"ocean_menu_typo_line_height_unit":"","ocean_menu_typo_spacing":0,"ocean_menu_typo_spacing_tablet":0,"ocean_menu_typo_spacing_mobile":0,"ocean_menu_typo_spacing_unit":"","ocean_menu_link_color":"","ocean_menu_link_color_hover":"","ocean_menu_link_color_active":"","ocean_menu_link_background":"","ocean_menu_link_hover_background":"","ocean_menu_link_active_background":"","ocean_menu_social_links_bg":"","ocean_menu_social_hover_links_bg":"","ocean_menu_social_links_color":"","ocean_menu_social_hover_links_color":"","ocean_disable_title":"default","ocean_disable_heading":"default","ocean_post_title":"","ocean_post_subheading":"","ocean_post_title_style":"","ocean_post_title_background_color":"","ocean_post_title_background":0,"ocean_post_title_bg_image_position":"","ocean_post_title_bg_image_attachment":"","ocean_post_title_bg_image_repeat":"","ocean_post_title_bg_image_size":"","ocean_post_title_height":0,"ocean_post_title_bg_overlay":0.5,"ocean_post_title_bg_overlay_color":"","ocean_disable_breadcrumbs":"default","ocean_breadcrumbs_color":"","ocean_breadcrumbs_separator_color":"","ocean_breadcrumbs_links_color":"","ocean_breadcrumbs_links_hover_color":"","ocean_display_footer_widgets":"default","ocean_display_footer_bottom":"default","ocean_custom_footer_template":"","footnotes":""},"class_list":["post-935","page","type-page","status-publish","hentry","entry"],"yoast_head":"<!-- This site is optimized with the Yoast SEO plugin v24.4 - https:\/\/yoast.com\/wordpress\/plugins\/seo\/ -->\n<title>Aktivit\u00e4ten - JuKiTreff-Schleswig<\/title>\n<meta name=\"robots\" content=\"index, follow, max-snippet:-1, max-image-preview:large, max-video-preview:-1\" \/>\n<link rel=\"canonical\" href=\"https:\/\/jukitreff-schleswig.de\/?page_id=935\" \/>\n<meta property=\"og:locale\" content=\"de_DE\" \/>\n<meta property=\"og:type\" content=\"article\" \/>\n<meta property=\"og:title\" content=\"Aktivit\u00e4ten - JuKiTreff-Schleswig\" \/>\n<meta property=\"og:description\" content=\"Im JuKiTreff gibt es folgende regelm\u00e4\u00dfige Aktivit\u00e4ten (ohne Anmeldung m\u00f6glich): Bauen, Basteln und Malen Brett- und Gemeinschaftsspiele Einzel- und Gruppengespr\u00e4che Snacks und gesunde Ern\u00e4hrungsportliche Aktivit\u00e4ten (drinnen und drau\u00dfen) Besondere Projekte im Jahr 2025 (mit Anmeldung): Ausflug nach Haithabu Ausflug Barfu\u00dfpark Ausflug Funcenter Husum Malaktion im JuKiTreff Renovierung des Bauwagens\" \/>\n<meta property=\"og:url\" content=\"https:\/\/jukitreff-schleswig.de\/?page_id=935\" \/>\n<meta property=\"og:site_name\" content=\"JuKiTreff-Schleswig\" \/>\n<meta property=\"article:modified_time\" content=\"2025-02-04T16:45:45+00:00\" \/>\n<meta name=\"twitter:card\" content=\"summary_large_image\" \/>\n<script type=\"application\/ld+json\" class=\"yoast-schema-graph\">{\"@context\":\"https:\/\/schema.org\",\"@graph\":[{\"@type\":\"WebPage\",\"@id\":\"https:\/\/jukitreff-schleswig.de\/?page_id=935\",\"url\":\"https:\/\/jukitreff-schleswig.de\/?page_id=935\",\"name\":\"Aktivit\u00e4ten - JuKiTreff-Schleswig\",\"isPartOf\":{\"@id\":\"https:\/\/jukitreff-schleswig.de\/#website\"},\"datePublished\":\"2025-02-04T14:51:49+00:00\",\"dateModified\":\"2025-02-04T16:45:45+00:00\",\"breadcrumb\":{\"@id\":\"https:\/\/jukitreff-schleswig.de\/?page_id=935#breadcrumb\"},\"inLanguage\":\"de\",\"potentialAction\":[{\"@type\":\"ReadAction\",\"target\":[\"https:\/\/jukitreff-schleswig.de\/?page_id=935\"]}]},{\"@type\":\"BreadcrumbList\",\"@id\":\"https:\/\/jukitreff-schleswig.de\/?page_id=935#breadcrumb\",\"itemListElement\":[{\"@type\":\"ListItem\",\"position\":1,\"name\":\"Startseite\",\"item\":\"https:\/\/jukitreff-schleswig.de\/\"},{\"@type\":\"ListItem\",\"position\":2,\"name\":\"Aktivit\u00e4ten\"}]},{\"@type\":\"WebSite\",\"@id\":\"https:\/\/jukitreff-schleswig.de\/#website\",\"url\":\"https:\/\/jukitreff-schleswig.de\/\",\"name\":\"JuKiTreff-Schleswig\",\"description\":\"\",\"publisher\":{\"@id\":\"https:\/\/jukitreff-schleswig.de\/#organization\"},\"potentialAction\":[{\"@type\":\"SearchAction\",\"target\":{\"@type\":\"EntryPoint\",\"urlTemplate\":\"https:\/\/jukitreff-schleswig.de\/?s={search_term_string}\"},\"query-input\":{\"@type\":\"PropertyValueSpecification\",\"valueRequired\":true,\"valueName\":\"search_term_string\"}}],\"inLanguage\":\"de\"},{\"@type\":\"Organization\",\"@id\":\"https:\/\/jukitreff-schleswig.de\/#organization\",\"name\":\"JuKiTreff-Schleswig\",\"url\":\"https:\/\/jukitreff-schleswig.de\/\",\"logo\":{\"@type\":\"ImageObject\",\"inLanguage\":\"de\",\"@id\":\"https:\/\/jukitreff-schleswig.de\/#\/schema\/logo\/image\/\",\"url\":\"https:\/\/jukitreff-schleswig.de\/wp-content\/uploads\/2025\/01\/cropped-Logo-JuKiTreff-weiss.png\",\"contentUrl\":\"https:\/\/jukitreff-schleswig.de\/wp-content\/uploads\/2025\/01\/cropped-Logo-JuKiTreff-weiss.png\",\"width\":773,\"height\":592,\"caption\":\"JuKiTreff-Schleswig\"},\"image\":{\"@id\":\"https:\/\/jukitreff-schleswig.de\/#\/schema\/logo\/image\/\"}}]}<\/script>\n<!-- \/ Yoast SEO plugin. -->","yoast_head_json":{"title":"Aktivit\u00e4ten - JuKiTreff-Schleswig","robots":{"index":"index","follow":"follow","max-snippet":"max-snippet:-1","max-image-preview":"max-image-preview:large","max-video-preview":"max-video-preview:-1"},"canonical":"https:\/\/jukitreff-schleswig.de\/?page_id=935","og_locale":"de_DE","og_type":"article","og_title":"Aktivit\u00e4ten - JuKiTreff-Schleswig","og_description":"Im JuKiTreff gibt es folgende regelm\u00e4\u00dfige Aktivit\u00e4ten (ohne Anmeldung m\u00f6glich): Bauen, Basteln und Malen Brett- und Gemeinschaftsspiele Einzel- und Gruppengespr\u00e4che Snacks und gesunde Ern\u00e4hrungsportliche Aktivit\u00e4ten (drinnen und drau\u00dfen) Besondere Projekte im Jahr 2025 (mit Anmeldung): Ausflug nach Haithabu Ausflug Barfu\u00dfpark Ausflug Funcenter Husum Malaktion im JuKiTreff Renovierung des Bauwagens","og_url":"https:\/\/jukitreff-schleswig.de\/?page_id=935","og_site_name":"JuKiTreff-Schleswig","article_modified_time":"2025-02-04T16:45:45+00:00","twitter_card":"summary_large_image","schema":{"@context":"https:\/\/schema.org","@graph":[{"@type":"WebPage","@id":"https:\/\/jukitreff-schleswig.de\/?page_id=935","url":"https:\/\/jukitreff-schleswig.de\/?page_id=935","name":"Aktivit\u00e4ten - JuKiTreff-Schleswig","isPartOf":{"@id":"https:\/\/jukitreff-schleswig.de\/#website"},"datePublished":"2025-02-04T14:51:49+00:00","dateModified":"2025-02-04T16:45:45+00:00","breadcrumb":{"@id":"https:\/\/jukitreff-schleswig.de\/?page_id=935#breadcrumb"},"inLanguage":"de","potentialAction":[{"@type":"ReadAction","target":["https:\/\/jukitreff-schleswig.de\/?page_id=935"]}]},{"@type":"BreadcrumbList","@id":"https:\/\/jukitreff-schleswig.de\/?page_id=935#breadcrumb","itemListElement":[{"@type":"ListItem","position":1,"name":"Startseite","item":"https:\/\/jukitreff-schleswig.de\/"},{"@type":"ListItem","position":2,"name":"Aktivit\u00e4ten"}]},{"@type":"WebSite","@id":"https:\/\/jukitreff-schleswig.de\/#website","url":"https:\/\/jukitreff-schleswig.de\/","name":"JuKiTreff-Schleswig","description":"","publisher":{"@id":"https:\/\/jukitreff-schleswig.de\/#organization"},"potentialAction":[{"@type":"SearchAction","target":{"@type":"EntryPoint","urlTemplate":"https:\/\/jukitreff-schleswig.de\/?s={search_term_string}"},"query-input":{"@type":"PropertyValueSpecification","valueRequired":true,"valueName":"search_term_string"}}],"inLanguage":"de"},{"@type":"Organization","@id":"https:\/\/jukitreff-schleswig.de\/#organization","name":"JuKiTreff-Schleswig","url":"https:\/\/jukitreff-schleswig.de\/","logo":{"@type":"ImageObject","inLanguage":"de","@id":"https:\/\/jukitreff-schleswig.de\/#\/schema\/logo\/image\/","url":"https:\/\/jukitreff-schleswig.de\/wp-content\/uploads\/2025\/01\/cropped-Logo-JuKiTreff-weiss.png","contentUrl":"https:\/\/jukitreff-schleswig.de\/wp-content\/uploads\/2025\/01\/cropped-Logo-JuKiTreff-weiss.png","width":773,"height":592,"caption":"JuKiTreff-Schleswig"},"image":{"@id":"https:\/\/jukitreff-schleswig.de\/#\/schema\/logo\/image\/"}}]}},"_links":{"self":[{"href":"https:\/\/jukitreff-schleswig.de\/index.php?rest_route=\/wp\/v2\/pages\/935","targetHints":{"allow":["GET"]}}],"collection":[{"href":"https:\/\/jukitreff-schleswig.de\/index.php?rest_route=\/wp\/v2\/pages"}],"about":[{"href":"https:\/\/jukitreff-schleswig.de\/index.php?rest_route=\/wp\/v2\/types\/page"}],"author":[{"embeddable":true,"href":"https:\/\/jukitreff-schleswig.de\/index.php?rest_route=\/wp\/v2\/users\/1"}],"replies":[{"embeddable":true,"href":"https:\/\/jukitreff-schleswig.de\/index.php?rest_route=%2Fwp%2Fv2%2Fcomments&post=935"}],"version-history":[{"count":15,"href":"https:\/\/jukitreff-schleswig.de\/index.php?rest_route=\/wp\/v2\/pages\/935\/revisions"}],"predecessor-version":[{"id":966,"href":"https:\/\/jukitreff-schleswig.de\/index.php?rest_route=\/wp\/v2\/pages\/935\/revisions\/966"}],"wp:attachment":[{"href":"https:\/\/jukitreff-schleswig.de\/index.php?rest_route=%2Fwp%2Fv2%2Fmedia&parent=935"}],"curies":[{"name":"wp","href":"https:\/\/api.w.org\/{rel}","templated":true}]}}